{"id":841,"date":"2020-01-13T13:48:11","date_gmt":"2020-01-13T13:48:11","guid":{"rendered":"https:\/\/ecob.be\/prevention-non-toxique\/"},"modified":"2020-01-13T15:04:13","modified_gmt":"2020-01-13T15:04:13","slug":"prevention-non-toxique","status":"publish","type":"page","link":"https:\/\/ecob.be\/fr\/prevention-non-toxique\/","title":{"rendered":"Pr\u00e9vention non toxique"},"content":{"rendered":"\t\t<div data-elementor-type=\"wp-post\" data-elementor-id=\"841\" class=\"elementor elementor-841 elementor-738\">\n\t\t\t\t\t\t<section class=\"elementor-section elementor-top-section elementor-element elementor-element-fd69964 elementor-section-boxed elementor-section-height-default elementor-section-height-default\" data-id=\"fd69964\" data-element_type=\"section\">\n\t\t\t\t\t\t<div class=\"elementor-container elementor-column-gap-default\">\n\t\t\t\t\t<div class=\"elementor-column elementor-col-100 elementor-top-column elementor-element elementor-element-c8b38b5\" data-id=\"c8b38b5\" data-element_type=\"column\">\n\t\t\t<div class=\"elementor-widget-wrap elementor-element-populated\">\n\t\t\t\t\t\t<div class=\"elementor-element elementor-element-7cd1fc2 elementor-widget elementor-widget-text-editor\" data-id=\"7cd1fc2\" data-element_type=\"widget\" data-widget_type=\"text-editor.default\">\n\t\t\t\t<div class=\"elementor-widget-container\">\n\t\t\t\t\t\t\t\t\t<h2>PR\u00c9VENTION SANS PRODUITS TOXIQUES : RPNB<\/h2>\n<p>RPNB est un concept total pour le nouveau d\u00e9fi sur le plan de la pr\u00e9vention et le traitement<\/p>\n<p>des nuisibles sans produits toxiques.<\/p>\n<div class=\"werng-list\">\n<h4>LES MOTS-CL\u00c9S SONT :<\/h4>\n<ul class=\"arrow-list\">\n<li>Analyse de risque<\/li>\n<li>Proofing<\/li>\n<li>Pr\u00e9vention\/traitement non toxique<\/li>\n<\/ul>\n<p><a href=\"https:\/\/ecob.be\/fr\/contact\/\" class=\"wrngcntct-btn\">CONTACTEZ-NOUS<\/a><\/p>\n<\/div>\n\t\t\t\t\t\t\t\t<\/div>\n\t\t\t\t<\/div>\n\t\t\t\t\t<\/div>\n\t\t<\/div>\n\t\t\t\t\t<\/div>\n\t\t<\/section>\n\t\t\t\t<section class=\"elementor-section elementor-top-section elementor-element elementor-element-6d3cc35 elementor-section-boxed elementor-section-height-default elementor-section-height-default\" data-id=\"6d3cc35\" data-element_type=\"section\">\n\t\t\t\t\t\t<div class=\"elementor-container elementor-column-gap-default\">\n\t\t\t\t\t<div class=\"elementor-column elementor-col-33 elementor-top-column elementor-element elementor-element-ba8e257\" data-id=\"ba8e257\" data-element_type=\"column\">\n\t\t\t<div class=\"elementor-widget-wrap elementor-element-populated\">\n\t\t\t\t\t\t<div class=\"elementor-element elementor-element-b22f0b4 ngtv-mrgn elementor-widget elementor-widget-image\" data-id=\"b22f0b4\" data-element_type=\"widget\" data-widget_type=\"image.default\">\n\t\t\t\t<div class=\"elementor-widget-container\">\n\t\t\t\t\t\t\t\t\t\t\t\t\t\t\t<img fetchpriority=\"high\" decoding=\"async\" width=\"400\" height=\"371\" src=\"https:\/\/ecob.be\/wp-content\/uploads\/2020\/01\/Vragen-image.png\" class=\"attachment-large size-large wp-image-747\" alt=\"\" srcset=\"https:\/\/ecob.be\/wp-content\/uploads\/2020\/01\/Vragen-image.png 400w, https:\/\/ecob.be\/wp-content\/uploads\/2020\/01\/Vragen-image-300x278.png 300w\" sizes=\"(max-width: 400px) 85vw, 400px\" \/>\t\t\t\t\t\t\t\t\t\t\t\t\t\t\t<\/div>\n\t\t\t\t<\/div>\n\t\t\t\t\t<\/div>\n\t\t<\/div>\n\t\t\t\t<div class=\"elementor-column elementor-col-66 elementor-top-column elementor-element elementor-element-7db7185\" data-id=\"7db7185\" data-element_type=\"column\">\n\t\t\t<div class=\"elementor-widget-wrap elementor-element-populated\">\n\t\t\t\t\t\t<div class=\"elementor-element elementor-element-b21ad40 wer-bgrnd elementor-widget elementor-widget-text-editor\" data-id=\"b21ad40\" data-element_type=\"widget\" data-widget_type=\"text-editor.default\">\n\t\t\t\t<div class=\"elementor-widget-container\">\n\t\t\t\t\t\t\t\t\t<h2>ETAPE 1 : INOFRMATION<\/h2><p style=\"text-align: left;\">Toutes les questions possibles en rapport avec la m\u00e9thode non toxique peuvent \u00eatre r\u00e9pondues par nos soins. Nous donnons un aper\u00e7u et un accompagnement structur\u00e9, correcte et au point au travers de textes de loi, actes d\u2019autorisation, exceptions, exigences sp\u00e9cifiques,\u2026<\/p>\t\t\t\t\t\t\t\t<\/div>\n\t\t\t\t<\/div>\n\t\t\t\t\t<\/div>\n\t\t<\/div>\n\t\t\t\t\t<\/div>\n\t\t<\/section>\n\t\t\t\t<section class=\"elementor-section elementor-top-section elementor-element elementor-element-9e29d46 elementor-section-stretched grey-bgrnd order-seq elementor-section-boxed elementor-section-height-default elementor-section-height-default\" data-id=\"9e29d46\" data-element_type=\"section\" data-settings=\"{&quot;stretch_section&quot;:&quot;section-stretched&quot;}\">\n\t\t\t\t\t\t<div class=\"elementor-container elementor-column-gap-default\">\n\t\t\t\t\t<div class=\"elementor-column elementor-col-66 elementor-top-column elementor-element elementor-element-a8202b0\" data-id=\"a8202b0\" data-element_type=\"column\">\n\t\t\t<div class=\"elementor-widget-wrap elementor-element-populated\">\n\t\t\t\t\t\t<div class=\"elementor-element elementor-element-918c4d2 wer-bgrnd orderone elementor-widget elementor-widget-text-editor\" data-id=\"918c4d2\" data-element_type=\"widget\" data-widget_type=\"text-editor.default\">\n\t\t\t\t<div class=\"elementor-widget-container\">\n\t\t\t\t\t\t\t\t\t<h2 style=\"text-align: left;\">ETAPE 2 : ANALYSE DE RISQUE<\/h2><p style=\"text-align: left;\">Lors de l\u2019analyse de risque, une \u00e9tude pouss\u00e9e est r\u00e9alis\u00e9e pour tous les facteurs qui peuvent avoir un impact lors de l\u2019ex\u00e9cution du plan de contr\u00f4le des nuisibles.<\/p><p style=\"text-align: left;\">A cet \u00e9gard, les points abord\u00e9s sont:<\/p><div class=\"werng-list-bg\" style=\"text-align: left;\"><ul class=\"arrow-list\"><li>L\u2019environnement dans lequel la soci\u00e9t\u00e9 est implant\u00e9e<\/li><li>Les caract\u00e9ristiques structurelles du bien<\/li><li>Le flux de production<\/li><li>Historique des rongeurs,\u2026<\/li><li>&#8230;<\/li><\/ul><\/div><p style=\"text-align: left;\">Tous ces facteurs sont \u00e9valu\u00e9s un par un et re\u00e7oivent un score.<br \/>Finalement, l\u2019analyse de risque montre un sch\u00e9ma des \u00e9ventuels risques-facteurs avec une appr\u00e9ciation du degr\u00e9 d\u2019impact.<br \/>Ceci sert comme base pour la cr\u00e9ation du v\u00e9ritable plan de pr\u00e9vention, fond\u00e9 sur une analyse objective et approfondie. Egalement la base pour les auditeurs!<\/p><p style=\"text-align: left;\">Le personnel d\u2019ECOB \u00e0 pour cela suivi une formation externe intensive et sp\u00e9cifique.<\/p>\t\t\t\t\t\t\t\t<\/div>\n\t\t\t\t<\/div>\n\t\t\t\t\t<\/div>\n\t\t<\/div>\n\t\t\t\t<div class=\"elementor-column elementor-col-33 elementor-top-column elementor-element elementor-element-04946d5\" data-id=\"04946d5\" data-element_type=\"column\">\n\t\t\t<div class=\"elementor-widget-wrap elementor-element-populated\">\n\t\t\t\t\t\t<div class=\"elementor-element elementor-element-0523226 ngtv-mrgn ordertwo elementor-widget elementor-widget-image\" data-id=\"0523226\" data-element_type=\"widget\" data-widget_type=\"image.default\">\n\t\t\t\t<div class=\"elementor-widget-container\">\n\t\t\t\t\t\t\t\t\t\t\t\t\t\t\t<img decoding=\"async\" width=\"400\" height=\"585\" src=\"https:\/\/ecob.be\/wp-content\/uploads\/2020\/01\/step2img.png\" class=\"attachment-large size-large wp-image-760\" alt=\"\" srcset=\"https:\/\/ecob.be\/wp-content\/uploads\/2020\/01\/step2img.png 400w, https:\/\/ecob.be\/wp-content\/uploads\/2020\/01\/step2img-205x300.png 205w\" sizes=\"(max-width: 400px) 85vw, 400px\" \/>\t\t\t\t\t\t\t\t\t\t\t\t\t\t\t<\/div>\n\t\t\t\t<\/div>\n\t\t\t\t\t<\/div>\n\t\t<\/div>\n\t\t\t\t\t<\/div>\n\t\t<\/section>\n\t\t\t\t<section class=\"elementor-section elementor-top-section elementor-element elementor-element-ec2181c lft-algn-img elementor-section-boxed elementor-section-height-default elementor-section-height-default\" data-id=\"ec2181c\" data-element_type=\"section\">\n\t\t\t\t\t\t<div class=\"elementor-container elementor-column-gap-default\">\n\t\t\t\t\t<div class=\"elementor-column elementor-col-33 elementor-top-column elementor-element elementor-element-ceeab24\" data-id=\"ceeab24\" data-element_type=\"column\">\n\t\t\t<div class=\"elementor-widget-wrap elementor-element-populated\">\n\t\t\t\t\t\t<div class=\"elementor-element elementor-element-3e43443 elementor-widget elementor-widget-image\" data-id=\"3e43443\" data-element_type=\"widget\" data-widget_type=\"image.default\">\n\t\t\t\t<div class=\"elementor-widget-container\">\n\t\t\t\t\t\t\t\t\t\t\t\t\t\t\t<img decoding=\"async\" width=\"123\" height=\"300\" src=\"https:\/\/ecob.be\/wp-content\/uploads\/2020\/01\/step3-123x300.png\" class=\"attachment-medium size-medium wp-image-763\" alt=\"\" srcset=\"https:\/\/ecob.be\/wp-content\/uploads\/2020\/01\/step3-123x300.png 123w, https:\/\/ecob.be\/wp-content\/uploads\/2020\/01\/step3.png 204w\" sizes=\"(max-width: 123px) 85vw, 123px\" \/>\t\t\t\t\t\t\t\t\t\t\t\t\t\t\t<\/div>\n\t\t\t\t<\/div>\n\t\t\t\t\t<\/div>\n\t\t<\/div>\n\t\t\t\t<div class=\"elementor-column elementor-col-66 elementor-top-column elementor-element elementor-element-fcbaaa1\" data-id=\"fcbaaa1\" data-element_type=\"column\">\n\t\t\t<div class=\"elementor-widget-wrap elementor-element-populated\">\n\t\t\t\t\t\t<div class=\"elementor-element elementor-element-e7c0c04 wer-bgrnd elementor-widget elementor-widget-text-editor\" data-id=\"e7c0c04\" data-element_type=\"widget\" data-widget_type=\"text-editor.default\">\n\t\t\t\t<div class=\"elementor-widget-container\">\n\t\t\t\t\t\t\t\t\t<h2>ETAPE 3 : PROOFING<\/h2><p style=\"text-align: left;\">Proofing, <strong>\u00e9viter l\u2019infiltration des rongeurs gr\u00e2ce \u00e0 une barri\u00e8re physique<\/strong>, est la base.<\/p><p style=\"text-align: left;\">Pr\u00e9venir, est apr\u00e8s tout, mieux que gu\u00e9rir!<\/p><p style=\"text-align: left;\">La sprl ECOB dispose d\u2019un vaste service de proofing afin de r\u00e9aliser ceci:<br \/>le placement de brosses, grilles, laine d\u2019acier ressources connexe, r\u00e9pulsif pour rongeurs en silicone, prot\u00e8ge caniveaux, \u2026. Tout est possible.<br \/>Uniquement des mat\u00e9riaux sp\u00e9cifiquement pr\u00e9vus \u00e0 cet effet sont utilis\u00e9s.<\/p><p style=\"text-align: left;\">L\u2019avantage de ce service de proofing en gestion directe, est une combinaison entre hommes de m\u00e9tier et \u00a0hommes bricoleurs!<\/p>\t\t\t\t\t\t\t\t<\/div>\n\t\t\t\t<\/div>\n\t\t\t\t\t<\/div>\n\t\t<\/div>\n\t\t\t\t\t<\/div>\n\t\t<\/section>\n\t\t\t\t<section class=\"elementor-section elementor-top-section elementor-element elementor-element-a6f19a9 elementor-section-stretched grey-bgrnd order-seq elementor-section-boxed elementor-section-height-default elementor-section-height-default\" data-id=\"a6f19a9\" data-element_type=\"section\" data-settings=\"{&quot;stretch_section&quot;:&quot;section-stretched&quot;}\">\n\t\t\t\t\t\t<div class=\"elementor-container elementor-column-gap-default\">\n\t\t\t\t\t<div class=\"elementor-column elementor-col-66 elementor-top-column elementor-element elementor-element-daf9783\" data-id=\"daf9783\" data-element_type=\"column\">\n\t\t\t<div class=\"elementor-widget-wrap elementor-element-populated\">\n\t\t\t\t\t\t<div class=\"elementor-element elementor-element-dc2d554 wer-bgrnd elementor-widget elementor-widget-text-editor\" data-id=\"dc2d554\" data-element_type=\"widget\" data-widget_type=\"text-editor.default\">\n\t\t\t\t<div class=\"elementor-widget-container\">\n\t\t\t\t\t\t\t\t\t<h2>ETAPE 4 : PREVENTION\/TRAITEMENT NON TOXIQUE<\/h2><p style=\"text-align: left;\">L\u2019\u00e9tape 1,2 et 3 forment la base pour l\u2019\u00e9tape 4, le v\u00e9ritable plan de pr\u00e9vention \/ traitement non toxique des nuisibles<\/p><h5 style=\"text-align: left; padding-left: 30px;\">INSECTES VOLANTS<\/h5><p style=\"text-align: left;\">Pour la pr\u00e9vention des insectes volants, des d\u00e9sinsectiseurs haute technologie sont d\u00e9j\u00e0 mis en place intensivement.<br \/>Dans une future tr\u00e8s proche, sprl ECOB va proposer des d\u00e9sinsectiseurs dans lequel il est possible d\u2019avoir un moniteur avec un traitement digital fonctionnant 24\/7 avec m\u00e9moire int\u00e9grer.<br \/>Via la plateforme digitale, si vous le d\u00e9sirez, il sera possible de suivre l\u2019\u00e9volution des captures sur les plaques de glu, gr\u00e2ce \u00e0 cela lors d\u2019infestations soudaines, il sera possible d\u2019intervenir.<br \/>Ces d\u00e9sinsectiseurs peuvent parfaitement \u00eatre repris dans le rapportage existant via la plateforme digitale d\u2019Ecob.<\/p><h5 style=\"text-align: left; padding-left: 30px;\">INSECTES<\/h5><p style=\"text-align: left;\">Il est \u00e9galement possible d\u2019utiliser des d\u00e9tecteurs et\/ou pi\u00e8ges non toxique pour des insectes rempants tel que des cafards par exemple.<br \/>D\u00e9pendant de la situation, diff\u00e9rentes sortes de pi\u00e8ges peuvent \u00eatre utilis\u00e9s.<\/p><h5 style=\"text-align: left; padding-left: 30px;\">RONGEURS<\/h5><p style=\"text-align: left;\">Pour une \u00e9limination des rongeurs non toxique, ECOB peut utiliser une large gamme de pinces, pi\u00e8ges, cages,\u2026 L\u2019utilisation des plaques de glu est \u00e9vit\u00e9e le plus possible afin d\u2019\u00e9viter de faire souffrir inutilement.<br \/>A c\u00f4t\u00e9, il est possible de placer des syst\u00e8mes de capture qui sont connect\u00e9 sans fil avec la plateforme de rapportage digital; ainsi le moniteur 24\/7 est \u00e0 nouveau possible et il est possible d\u2019agir imm\u00e9diatement et localement.<\/p><p style=\"text-align: left;\">Sprl ECOB utilise pour ceci la nouvelle g\u00e9n\u00e9ration de syst\u00e8mes de capture et des d\u00e9tecteurs sans fil avec une port\u00e9e maximale. Un \u00e9l\u00e9ment suppl\u00e9mentaire, est le le placement de d\u00e9tecteurs de mouvements qui ont l\u2019avantage de couvrir plus de zone.<\/p><p><strong>En r\u00e9sum\u00e9: une solution digitale non toxique pour toutes les situations!<\/strong><\/p>\t\t\t\t\t\t\t\t<\/div>\n\t\t\t\t<\/div>\n\t\t\t\t\t<\/div>\n\t\t<\/div>\n\t\t\t\t<div class=\"elementor-column elementor-col-33 elementor-top-column elementor-element elementor-element-d44bcba\" data-id=\"d44bcba\" data-element_type=\"column\">\n\t\t\t<div class=\"elementor-widget-wrap elementor-element-populated\">\n\t\t\t\t\t\t<div class=\"elementor-element elementor-element-8accf70 margn-imgtp elementor-widget elementor-widget-image\" data-id=\"8accf70\" data-element_type=\"widget\" data-widget_type=\"image.default\">\n\t\t\t\t<div class=\"elementor-widget-container\">\n\t\t\t\t\t\t\t\t\t\t\t\t\t\t\t<img loading=\"lazy\" decoding=\"async\" width=\"300\" height=\"295\" src=\"https:\/\/ecob.be\/wp-content\/uploads\/2020\/01\/step4-300x295.png\" class=\"attachment-medium size-medium wp-image-766\" alt=\"\" srcset=\"https:\/\/ecob.be\/wp-content\/uploads\/2020\/01\/step4-300x295.png 300w, https:\/\/ecob.be\/wp-content\/uploads\/2020\/01\/step4.png 393w\" sizes=\"(max-width: 300px) 85vw, 300px\" \/>\t\t\t\t\t\t\t\t\t\t\t\t\t\t\t<\/div>\n\t\t\t\t<\/div>\n\t\t\t\t\t<\/div>\n\t\t<\/div>\n\t\t\t\t\t<\/div>\n\t\t<\/section>\n\t\t\t\t<section class=\"elementor-section elementor-top-section elementor-element elementor-element-652622f lft-algn-img elementor-section-boxed elementor-section-height-default elementor-section-height-default\" data-id=\"652622f\" data-element_type=\"section\">\n\t\t\t\t\t\t<div class=\"elementor-container elementor-column-gap-default\">\n\t\t\t\t\t<div class=\"elementor-column elementor-col-33 elementor-top-column elementor-element elementor-element-d9e71b8\" data-id=\"d9e71b8\" data-element_type=\"column\">\n\t\t\t<div class=\"elementor-widget-wrap elementor-element-populated\">\n\t\t\t\t\t\t<div class=\"elementor-element elementor-element-5b465fc elementor-widget elementor-widget-image\" data-id=\"5b465fc\" data-element_type=\"widget\" data-widget_type=\"image.default\">\n\t\t\t\t<div class=\"elementor-widget-container\">\n\t\t\t\t\t\t\t\t\t\t\t\t\t\t\t<img loading=\"lazy\" decoding=\"async\" width=\"124\" height=\"300\" src=\"https:\/\/ecob.be\/wp-content\/uploads\/2020\/01\/step5-124x300.png\" class=\"attachment-medium size-medium wp-image-769\" alt=\"\" srcset=\"https:\/\/ecob.be\/wp-content\/uploads\/2020\/01\/step5-124x300.png 124w, https:\/\/ecob.be\/wp-content\/uploads\/2020\/01\/step5.png 226w\" sizes=\"(max-width: 124px) 85vw, 124px\" \/>\t\t\t\t\t\t\t\t\t\t\t\t\t\t\t<\/div>\n\t\t\t\t<\/div>\n\t\t\t\t\t<\/div>\n\t\t<\/div>\n\t\t\t\t<div class=\"elementor-column elementor-col-66 elementor-top-column elementor-element elementor-element-af01ae5\" data-id=\"af01ae5\" data-element_type=\"column\">\n\t\t\t<div class=\"elementor-widget-wrap elementor-element-populated\">\n\t\t\t\t\t\t<div class=\"elementor-element elementor-element-88e78af wer-bgrnd elementor-widget elementor-widget-text-editor\" data-id=\"88e78af\" data-element_type=\"widget\" data-widget_type=\"text-editor.default\">\n\t\t\t\t<div class=\"elementor-widget-container\">\n\t\t\t\t\t\t\t\t\t<h2>ETAPE 5 : SUIVI<\/h2><p style=\"text-align: left;\">Notre suivi ne se limite pas uniquement \u00e0 respecter notre accord contractuel !<br \/>Nous suivons chaque nouvelle \u00e9volution de moyens, mani\u00e8re de travailler,\u2026 pour que nous puissions proposer la pr\u00e9vention la plus avantageuse et la plus efficace.<\/p><p><strong>Ensemble nous allons vers un environnement non toxique !<\/strong><\/p><p><a href=\"https:\/\/ecob.be\/fr\/contact\/\" class=\"wrngcntct-btn\">CONTACTEZ-NOUS<\/a><\/p>\t\t\t\t\t\t\t\t<\/div>\n\t\t\t\t<\/div>\n\t\t\t\t\t<\/div>\n\t\t<\/div>\n\t\t\t\t\t<\/div>\n\t\t<\/section>\n\t\t\t\t<section class=\"elementor-section elementor-top-section elementor-element elementor-element-5cb4653 elementor-section-stretched grey-bgrnd elementor-section-boxed elementor-section-height-default elementor-section-height-default\" data-id=\"5cb4653\" data-element_type=\"section\" data-settings=\"{&quot;stretch_section&quot;:&quot;section-stretched&quot;}\">\n\t\t\t\t\t\t<div class=\"elementor-container elementor-column-gap-default\">\n\t\t\t\t\t<div class=\"elementor-column elementor-col-100 elementor-top-column elementor-element elementor-element-a71a70c\" data-id=\"a71a70c\" data-element_type=\"column\">\n\t\t\t<div class=\"elementor-widget-wrap elementor-element-populated\">\n\t\t\t\t\t\t<div class=\"elementor-element elementor-element-0cfcc8b lstmr-btn elementor-widget elementor-widget-text-editor\" data-id=\"0cfcc8b\" data-element_type=\"widget\" data-widget_type=\"text-editor.default\">\n\t\t\t\t<div class=\"elementor-widget-container\">\n\t\t\t\t\t\t\t\t\t<p><a href=\"https:\/\/ecob.be\/fr\/eco-care\/\" class=\"more-btn\">PLUS DE PREVENTION NON TOXIQUE<\/a><\/p>\n\t\t\t\t\t\t\t\t<\/div>\n\t\t\t\t<\/div>\n\t\t\t\t\t<\/div>\n\t\t<\/div>\n\t\t\t\t\t<\/div>\n\t\t<\/section>\n\t\t\t\t<\/div>\n\t\t","protected":false},"excerpt":{"rendered":"<p>PR\u00c9VENTION SANS PRODUITS TOXIQUES : RPNB RPNB est un concept total pour le nouveau d\u00e9fi sur le plan de la pr\u00e9vention et le traitement des nuisibles sans produits toxiques. LES MOTS-CL\u00c9S SONT : Analyse de risque Proofing Pr\u00e9vention\/traitement non toxique CONTACTEZ-NOUS ETAPE 1 : INOFRMATION Toutes les questions possibles en rapport avec la m\u00e9thode non &hellip; <a href=\"https:\/\/ecob.be\/fr\/prevention-non-toxique\/\" class=\"more-link\">Continue reading<span class=\"screen-reader-text\"> \u00ab\u00a0Pr\u00e9vention non toxique\u00a0\u00bb<\/span><\/a><\/p>\n","protected":false},"author":1,"featured_media":0,"parent":0,"menu_order":0,"comment_status":"closed","ping_status":"closed","template":"","meta":{"footnotes":""},"class_list":["post-841","page","type-page","status-publish","hentry"],"yoast_head":"<!-- This site is optimized with the Yoast SEO plugin v26.8 - https:\/\/yoast.com\/product\/yoast-seo-wordpress\/ -->\n<title>Pr\u00e9vention non toxique - ECOB<\/title>\n<meta name=\"robots\" content=\"index, follow, max-snippet:-1, max-image-preview:large, max-video-preview:-1\" \/>\n<link rel=\"canonical\" href=\"https:\/\/ecob.be\/fr\/prevention-non-toxique\/\" \/>\n<meta property=\"og:locale\" content=\"fr_FR\" \/>\n<meta property=\"og:type\" content=\"article\" \/>\n<meta property=\"og:title\" content=\"Pr\u00e9vention non toxique - ECOB\" \/>\n<meta property=\"og:description\" content=\"PR\u00c9VENTION SANS PRODUITS TOXIQUES : RPNB RPNB est un concept total pour le nouveau d\u00e9fi sur le plan de la pr\u00e9vention et le traitement des nuisibles sans produits toxiques. LES MOTS-CL\u00c9S SONT : Analyse de risque Proofing Pr\u00e9vention\/traitement non toxique CONTACTEZ-NOUS ETAPE 1 : INOFRMATION Toutes les questions possibles en rapport avec la m\u00e9thode non &hellip; Continue reading &quot;Pr\u00e9vention non toxique&quot;\" \/>\n<meta property=\"og:url\" content=\"https:\/\/ecob.be\/fr\/prevention-non-toxique\/\" \/>\n<meta property=\"og:site_name\" content=\"ECOB\" \/>\n<meta property=\"article:publisher\" content=\"https:\/\/www.facebook.com\/Ecob.Ongediertebestrijding\/\" \/>\n<meta property=\"article:modified_time\" content=\"2020-01-13T15:04:13+00:00\" \/>\n<meta property=\"og:image\" content=\"https:\/\/ecob.be\/wp-content\/uploads\/2020\/01\/Vragen-image.png\" \/>\n<meta name=\"twitter:card\" content=\"summary_large_image\" \/>\n<meta name=\"twitter:label1\" content=\"Dur\u00e9e de lecture estim\u00e9e\" \/>\n\t<meta name=\"twitter:data1\" content=\"3 minutes\" \/>\n<script type=\"application\/ld+json\" class=\"yoast-schema-graph\">{\"@context\":\"https:\/\/schema.org\",\"@graph\":[{\"@type\":\"WebPage\",\"@id\":\"https:\/\/ecob.be\/fr\/prevention-non-toxique\/\",\"url\":\"https:\/\/ecob.be\/fr\/prevention-non-toxique\/\",\"name\":\"Pr\u00e9vention non toxique - ECOB\",\"isPartOf\":{\"@id\":\"https:\/\/ecob.be\/#website\"},\"primaryImageOfPage\":{\"@id\":\"https:\/\/ecob.be\/fr\/prevention-non-toxique\/#primaryimage\"},\"image\":{\"@id\":\"https:\/\/ecob.be\/fr\/prevention-non-toxique\/#primaryimage\"},\"thumbnailUrl\":\"https:\/\/ecob.be\/wp-content\/uploads\/2020\/01\/Vragen-image.png\",\"datePublished\":\"2020-01-13T13:48:11+00:00\",\"dateModified\":\"2020-01-13T15:04:13+00:00\",\"breadcrumb\":{\"@id\":\"https:\/\/ecob.be\/fr\/prevention-non-toxique\/#breadcrumb\"},\"inLanguage\":\"fr-FR\",\"potentialAction\":[{\"@type\":\"ReadAction\",\"target\":[\"https:\/\/ecob.be\/fr\/prevention-non-toxique\/\"]}]},{\"@type\":\"ImageObject\",\"inLanguage\":\"fr-FR\",\"@id\":\"https:\/\/ecob.be\/fr\/prevention-non-toxique\/#primaryimage\",\"url\":\"https:\/\/ecob.be\/wp-content\/uploads\/2020\/01\/Vragen-image.png\",\"contentUrl\":\"https:\/\/ecob.be\/wp-content\/uploads\/2020\/01\/Vragen-image.png\"},{\"@type\":\"BreadcrumbList\",\"@id\":\"https:\/\/ecob.be\/fr\/prevention-non-toxique\/#breadcrumb\",\"itemListElement\":[{\"@type\":\"ListItem\",\"position\":1,\"name\":\"Home\",\"item\":\"https:\/\/ecob.be\/fr\/\"},{\"@type\":\"ListItem\",\"position\":2,\"name\":\"Pr\u00e9vention non toxique\"}]},{\"@type\":\"WebSite\",\"@id\":\"https:\/\/ecob.be\/#website\",\"url\":\"https:\/\/ecob.be\/\",\"name\":\"ECOB\",\"description\":\"\",\"potentialAction\":[{\"@type\":\"SearchAction\",\"target\":{\"@type\":\"EntryPoint\",\"urlTemplate\":\"https:\/\/ecob.be\/?s={search_term_string}\"},\"query-input\":{\"@type\":\"PropertyValueSpecification\",\"valueRequired\":true,\"valueName\":\"search_term_string\"}}],\"inLanguage\":\"fr-FR\"}]}<\/script>\n<!-- \/ Yoast SEO plugin. -->","yoast_head_json":{"title":"Pr\u00e9vention non toxique - ECOB","robots":{"index":"index","follow":"follow","max-snippet":"max-snippet:-1","max-image-preview":"max-image-preview:large","max-video-preview":"max-video-preview:-1"},"canonical":"https:\/\/ecob.be\/fr\/prevention-non-toxique\/","og_locale":"fr_FR","og_type":"article","og_title":"Pr\u00e9vention non toxique - ECOB","og_description":"PR\u00c9VENTION SANS PRODUITS TOXIQUES : RPNB RPNB est un concept total pour le nouveau d\u00e9fi sur le plan de la pr\u00e9vention et le traitement des nuisibles sans produits toxiques. LES MOTS-CL\u00c9S SONT : Analyse de risque Proofing Pr\u00e9vention\/traitement non toxique CONTACTEZ-NOUS ETAPE 1 : INOFRMATION Toutes les questions possibles en rapport avec la m\u00e9thode non &hellip; Continue reading \"Pr\u00e9vention non toxique\"","og_url":"https:\/\/ecob.be\/fr\/prevention-non-toxique\/","og_site_name":"ECOB","article_publisher":"https:\/\/www.facebook.com\/Ecob.Ongediertebestrijding\/","article_modified_time":"2020-01-13T15:04:13+00:00","og_image":[{"url":"https:\/\/ecob.be\/wp-content\/uploads\/2020\/01\/Vragen-image.png","type":"","width":"","height":""}],"twitter_card":"summary_large_image","twitter_misc":{"Dur\u00e9e de lecture estim\u00e9e":"3 minutes"},"schema":{"@context":"https:\/\/schema.org","@graph":[{"@type":"WebPage","@id":"https:\/\/ecob.be\/fr\/prevention-non-toxique\/","url":"https:\/\/ecob.be\/fr\/prevention-non-toxique\/","name":"Pr\u00e9vention non toxique - ECOB","isPartOf":{"@id":"https:\/\/ecob.be\/#website"},"primaryImageOfPage":{"@id":"https:\/\/ecob.be\/fr\/prevention-non-toxique\/#primaryimage"},"image":{"@id":"https:\/\/ecob.be\/fr\/prevention-non-toxique\/#primaryimage"},"thumbnailUrl":"https:\/\/ecob.be\/wp-content\/uploads\/2020\/01\/Vragen-image.png","datePublished":"2020-01-13T13:48:11+00:00","dateModified":"2020-01-13T15:04:13+00:00","breadcrumb":{"@id":"https:\/\/ecob.be\/fr\/prevention-non-toxique\/#breadcrumb"},"inLanguage":"fr-FR","potentialAction":[{"@type":"ReadAction","target":["https:\/\/ecob.be\/fr\/prevention-non-toxique\/"]}]},{"@type":"ImageObject","inLanguage":"fr-FR","@id":"https:\/\/ecob.be\/fr\/prevention-non-toxique\/#primaryimage","url":"https:\/\/ecob.be\/wp-content\/uploads\/2020\/01\/Vragen-image.png","contentUrl":"https:\/\/ecob.be\/wp-content\/uploads\/2020\/01\/Vragen-image.png"},{"@type":"BreadcrumbList","@id":"https:\/\/ecob.be\/fr\/prevention-non-toxique\/#breadcrumb","itemListElement":[{"@type":"ListItem","position":1,"name":"Home","item":"https:\/\/ecob.be\/fr\/"},{"@type":"ListItem","position":2,"name":"Pr\u00e9vention non toxique"}]},{"@type":"WebSite","@id":"https:\/\/ecob.be\/#website","url":"https:\/\/ecob.be\/","name":"ECOB","description":"","potentialAction":[{"@type":"SearchAction","target":{"@type":"EntryPoint","urlTemplate":"https:\/\/ecob.be\/?s={search_term_string}"},"query-input":{"@type":"PropertyValueSpecification","valueRequired":true,"valueName":"search_term_string"}}],"inLanguage":"fr-FR"}]}},"_links":{"self":[{"href":"https:\/\/ecob.be\/fr\/wp-json\/wp\/v2\/pages\/841","targetHints":{"allow":["GET"]}}],"collection":[{"href":"https:\/\/ecob.be\/fr\/wp-json\/wp\/v2\/pages"}],"about":[{"href":"https:\/\/ecob.be\/fr\/wp-json\/wp\/v2\/types\/page"}],"author":[{"embeddable":true,"href":"https:\/\/ecob.be\/fr\/wp-json\/wp\/v2\/users\/1"}],"replies":[{"embeddable":true,"href":"https:\/\/ecob.be\/fr\/wp-json\/wp\/v2\/comments?post=841"}],"version-history":[{"count":8,"href":"https:\/\/ecob.be\/fr\/wp-json\/wp\/v2\/pages\/841\/revisions"}],"predecessor-version":[{"id":852,"href":"https:\/\/ecob.be\/fr\/wp-json\/wp\/v2\/pages\/841\/revisions\/852"}],"wp:attachment":[{"href":"https:\/\/ecob.be\/fr\/wp-json\/wp\/v2\/media?parent=841"}],"curies":[{"name":"wp","href":"https:\/\/api.w.org\/{rel}","templated":true}]}}