{"id":142,"date":"2018-06-26T11:18:01","date_gmt":"2018-06-26T11:18:01","guid":{"rendered":"https:\/\/ecob.be\/bestrijding\/"},"modified":"2018-09-27T08:01:22","modified_gmt":"2018-09-27T08:01:22","slug":"lutte","status":"publish","type":"page","link":"https:\/\/ecob.be\/fr\/lutte\/","title":{"rendered":"Lutte"},"content":{"rendered":"<p>&nbsp;<\/p>\n<p>La lutte contre la vermine n\u2019est pas une fin en soi. Par cons\u00e9quent chaque intervention commence par une analyse approfondie, de sorte qu\u2019on puisse bien juger quel sorte de nuisible vous emb\u00eate, savoir d\u2019o\u00f9 ils viennent et mesurer l\u2019ampleur du probl\u00e8me. Parfois quelques interventions simples suffissent pour se d\u00e9barrasser des nuisibles. Voil\u00e0 pourquoi que la pr\u00e9vention fait partie int\u00e9grante de notre approche.<\/p>\n<p>&nbsp;<\/p>\n<p>S\u2019il semble que la lutte active est vraiment n\u00e9cessaire, nous utilisons les produits les plus efficaces et cibl\u00e9s. Nos techniciens ont suivi une formation approfondie et ils disposent des certificats requis et de l\u2019exp\u00e9rience n\u00e9cessaire. Et bien s\u00fbr nous nous ne servons que des produits autoris\u00e9s. Car la s\u00e9curit\u00e9 des gens et de l\u2019environnement doit passer en premier.<\/p>\n<p>&nbsp;<\/p>\n","protected":false},"excerpt":{"rendered":"<p>&nbsp; La lutte contre la vermine n\u2019est pas une fin en soi. Par cons\u00e9quent chaque intervention commence par une analyse approfondie, de sorte qu\u2019on puisse bien juger quel sorte de nuisible vous emb\u00eate, savoir d\u2019o\u00f9 ils viennent et mesurer l\u2019ampleur du probl\u00e8me. Parfois quelques interventions simples suffissent pour se d\u00e9barrasser des nuisibles. Voil\u00e0 pourquoi que &hellip; <a href=\"https:\/\/ecob.be\/fr\/lutte\/\" class=\"more-link\">Continue reading<span class=\"screen-reader-text\"> \u00ab\u00a0Lutte\u00a0\u00bb<\/span><\/a><\/p>\n","protected":false},"author":1,"featured_media":0,"parent":0,"menu_order":5,"comment_status":"closed","ping_status":"closed","template":"","meta":{"footnotes":""},"class_list":["post-142","page","type-page","status-publish","hentry"],"yoast_head":"<!-- This site is optimized with the Yoast SEO plugin v26.8 - https:\/\/yoast.com\/product\/yoast-seo-wordpress\/ -->\n<title>Lutte - ECOB<\/title>\n<meta name=\"robots\" content=\"index, follow, max-snippet:-1, max-image-preview:large, max-video-preview:-1\" \/>\n<link rel=\"canonical\" href=\"https:\/\/ecob.be\/fr\/lutte\/\" \/>\n<meta property=\"og:locale\" content=\"fr_FR\" \/>\n<meta property=\"og:type\" content=\"article\" \/>\n<meta property=\"og:title\" content=\"Lutte - ECOB\" \/>\n<meta property=\"og:description\" content=\"&nbsp; La lutte contre la vermine n\u2019est pas une fin en soi. Par cons\u00e9quent chaque intervention commence par une analyse approfondie, de sorte qu\u2019on puisse bien juger quel sorte de nuisible vous emb\u00eate, savoir d\u2019o\u00f9 ils viennent et mesurer l\u2019ampleur du probl\u00e8me. Parfois quelques interventions simples suffissent pour se d\u00e9barrasser des nuisibles. Voil\u00e0 pourquoi que &hellip; Continue reading &quot;Lutte&quot;\" \/>\n<meta property=\"og:url\" content=\"https:\/\/ecob.be\/fr\/lutte\/\" \/>\n<meta property=\"og:site_name\" content=\"ECOB\" \/>\n<meta property=\"article:publisher\" content=\"https:\/\/www.facebook.com\/Ecob.Ongediertebestrijding\/\" \/>\n<meta property=\"article:modified_time\" content=\"2018-09-27T08:01:22+00:00\" \/>\n<meta name=\"twitter:card\" content=\"summary_large_image\" \/>\n<meta name=\"twitter:label1\" content=\"Dur\u00e9e de lecture estim\u00e9e\" \/>\n\t<meta name=\"twitter:data1\" content=\"1 minute\" \/>\n<script type=\"application\/ld+json\" class=\"yoast-schema-graph\">{\"@context\":\"https:\/\/schema.org\",\"@graph\":[{\"@type\":\"WebPage\",\"@id\":\"https:\/\/ecob.be\/fr\/lutte\/\",\"url\":\"https:\/\/ecob.be\/fr\/lutte\/\",\"name\":\"Lutte - ECOB\",\"isPartOf\":{\"@id\":\"https:\/\/ecob.be\/#website\"},\"datePublished\":\"2018-06-26T11:18:01+00:00\",\"dateModified\":\"2018-09-27T08:01:22+00:00\",\"breadcrumb\":{\"@id\":\"https:\/\/ecob.be\/fr\/lutte\/#breadcrumb\"},\"inLanguage\":\"fr-FR\",\"potentialAction\":[{\"@type\":\"ReadAction\",\"target\":[\"https:\/\/ecob.be\/fr\/lutte\/\"]}]},{\"@type\":\"BreadcrumbList\",\"@id\":\"https:\/\/ecob.be\/fr\/lutte\/#breadcrumb\",\"itemListElement\":[{\"@type\":\"ListItem\",\"position\":1,\"name\":\"Home\",\"item\":\"https:\/\/ecob.be\/fr\/\"},{\"@type\":\"ListItem\",\"position\":2,\"name\":\"Lutte\"}]},{\"@type\":\"WebSite\",\"@id\":\"https:\/\/ecob.be\/#website\",\"url\":\"https:\/\/ecob.be\/\",\"name\":\"ECOB\",\"description\":\"\",\"potentialAction\":[{\"@type\":\"SearchAction\",\"target\":{\"@type\":\"EntryPoint\",\"urlTemplate\":\"https:\/\/ecob.be\/?s={search_term_string}\"},\"query-input\":{\"@type\":\"PropertyValueSpecification\",\"valueRequired\":true,\"valueName\":\"search_term_string\"}}],\"inLanguage\":\"fr-FR\"}]}<\/script>\n<!-- \/ Yoast SEO plugin. -->","yoast_head_json":{"title":"Lutte - ECOB","robots":{"index":"index","follow":"follow","max-snippet":"max-snippet:-1","max-image-preview":"max-image-preview:large","max-video-preview":"max-video-preview:-1"},"canonical":"https:\/\/ecob.be\/fr\/lutte\/","og_locale":"fr_FR","og_type":"article","og_title":"Lutte - ECOB","og_description":"&nbsp; La lutte contre la vermine n\u2019est pas une fin en soi. Par cons\u00e9quent chaque intervention commence par une analyse approfondie, de sorte qu\u2019on puisse bien juger quel sorte de nuisible vous emb\u00eate, savoir d\u2019o\u00f9 ils viennent et mesurer l\u2019ampleur du probl\u00e8me. Parfois quelques interventions simples suffissent pour se d\u00e9barrasser des nuisibles. Voil\u00e0 pourquoi que &hellip; Continue reading \"Lutte\"","og_url":"https:\/\/ecob.be\/fr\/lutte\/","og_site_name":"ECOB","article_publisher":"https:\/\/www.facebook.com\/Ecob.Ongediertebestrijding\/","article_modified_time":"2018-09-27T08:01:22+00:00","twitter_card":"summary_large_image","twitter_misc":{"Dur\u00e9e de lecture estim\u00e9e":"1 minute"},"schema":{"@context":"https:\/\/schema.org","@graph":[{"@type":"WebPage","@id":"https:\/\/ecob.be\/fr\/lutte\/","url":"https:\/\/ecob.be\/fr\/lutte\/","name":"Lutte - ECOB","isPartOf":{"@id":"https:\/\/ecob.be\/#website"},"datePublished":"2018-06-26T11:18:01+00:00","dateModified":"2018-09-27T08:01:22+00:00","breadcrumb":{"@id":"https:\/\/ecob.be\/fr\/lutte\/#breadcrumb"},"inLanguage":"fr-FR","potentialAction":[{"@type":"ReadAction","target":["https:\/\/ecob.be\/fr\/lutte\/"]}]},{"@type":"BreadcrumbList","@id":"https:\/\/ecob.be\/fr\/lutte\/#breadcrumb","itemListElement":[{"@type":"ListItem","position":1,"name":"Home","item":"https:\/\/ecob.be\/fr\/"},{"@type":"ListItem","position":2,"name":"Lutte"}]},{"@type":"WebSite","@id":"https:\/\/ecob.be\/#website","url":"https:\/\/ecob.be\/","name":"ECOB","description":"","potentialAction":[{"@type":"SearchAction","target":{"@type":"EntryPoint","urlTemplate":"https:\/\/ecob.be\/?s={search_term_string}"},"query-input":{"@type":"PropertyValueSpecification","valueRequired":true,"valueName":"search_term_string"}}],"inLanguage":"fr-FR"}]}},"_links":{"self":[{"href":"https:\/\/ecob.be\/fr\/wp-json\/wp\/v2\/pages\/142","targetHints":{"allow":["GET"]}}],"collection":[{"href":"https:\/\/ecob.be\/fr\/wp-json\/wp\/v2\/pages"}],"about":[{"href":"https:\/\/ecob.be\/fr\/wp-json\/wp\/v2\/types\/page"}],"author":[{"embeddable":true,"href":"https:\/\/ecob.be\/fr\/wp-json\/wp\/v2\/users\/1"}],"replies":[{"embeddable":true,"href":"https:\/\/ecob.be\/fr\/wp-json\/wp\/v2\/comments?post=142"}],"version-history":[{"count":8,"href":"https:\/\/ecob.be\/fr\/wp-json\/wp\/v2\/pages\/142\/revisions"}],"predecessor-version":[{"id":601,"href":"https:\/\/ecob.be\/fr\/wp-json\/wp\/v2\/pages\/142\/revisions\/601"}],"wp:attachment":[{"href":"https:\/\/ecob.be\/fr\/wp-json\/wp\/v2\/media?parent=142"}],"curies":[{"name":"wp","href":"https:\/\/api.w.org\/{rel}","templated":true}]}}